{"id":73,"date":"2024-09-01T16:37:02","date_gmt":"2024-09-01T14:37:02","guid":{"rendered":"https:\/\/www.cara-ez.fr\/?page_id=73"},"modified":"2024-09-01T22:14:16","modified_gmt":"2024-09-01T20:14:16","slug":"mes-livres-old","status":"publish","type":"page","link":"https:\/\/www.cara-ez.fr\/index.php\/mes-livres-old\/","title":{"rendered":"Mes livres old"},"content":{"rendered":"\n<div class=\"wp-block-columns is-layout-flex wp-container-core-columns-is-layout-28f84493 wp-block-columns-is-layout-flex\">\n<div class=\"wp-block-column is-layout-flow wp-block-column-is-layout-flow\" style=\"flex-basis:100%\">\n<div class=\"wp-block-group is-nowrap is-layout-flex wp-container-core-group-is-layout-6c531013 wp-block-group-is-layout-flex\">\n<figure class=\"wp-block-image size-large\"><img loading=\"lazy\" decoding=\"async\" width=\"683\" height=\"1024\" src=\"https:\/\/www.cara-ez.fr\/wp-content\/uploads\/2024\/08\/Couverture-Ebook-683x1024.jpg\" alt=\"\" class=\"wp-image-29\"\/><\/figure>\n\n\n\n<div class=\"wp-block-group is-layout-constrained wp-block-group-is-layout-constrained\">\n<h2 class=\"wp-block-heading\">Lovers Challenge<\/h2>\n\n\n\n<p class=\"has-text-align-left\">TOUT LES OPPOSE ET POURTANT\u2026 POUR GAGNER, ILS VONT DEVOIR JOUER LES FAUX COUPLES ! L\u00e9na veut avoir un enfant. Seule. Enzo r\u00eave de c\u00e9l\u00e9brit\u00e9 et de voyages. La cl\u00e9 de ces deux plans de vie diam\u00e9tralement oppos\u00e9s pourrait bien \u00eatre la somme de 100 000\u20ac que propose de remporter cette \u00e9mission de t\u00e9l\u00e9-r\u00e9alit\u00e9. Probl\u00e8me : pour int\u00e9grer \u00ab Lovers Challenge \u00bb, ils vont devoir former un couple plus vrai que nature\u2026 Entre mensonges et coups bas, faux-semblants et vrais sentiments, l\u2019aventure de L\u00e9na et Enzo ne s\u2019annonce pas de tout&#8230;<\/p>\n<\/div>\n<\/div>\n<\/div>\n<\/div>\n\n\n\n<p>Version Papier<\/p>\n\n\n\n<div class=\"wp-block-buttons is-layout-flex wp-block-buttons-is-layout-flex\">\n<div class=\"wp-block-button\"><a class=\"wp-block-button__link has-custom-couleur-1-background-color has-background wp-element-button\" href=\"https:\/\/www.fnac.com\/a20700361\/Cara-Ez-Lovers-challenge\" target=\"_blank\" rel=\"noreferrer noopener\">HEA<\/a><\/div>\n\n\n\n<div class=\"wp-block-button\"><a class=\"wp-block-button__link has-custom-couleur-1-background-color has-background wp-element-button\" href=\"https:\/\/www.fnac.com\/a20700361\/Cara-Ez-Lovers-challenge\" target=\"_blank\" rel=\"noreferrer noopener\">Fnac<\/a><\/div>\n\n\n\n<div class=\"wp-block-button\"><a class=\"wp-block-button__link has-custom-couleur-1-background-color has-background wp-element-button\" href=\"https:\/\/www.cultura.com\/p-lovers-challenge-9782494707238.html\" target=\"_blank\" rel=\"noreferrer noopener\">Cultura<\/a><\/div>\n<\/div>\n\n\n\n<div class=\"wp-block-columns is-layout-flex wp-container-core-columns-is-layout-28f84493 wp-block-columns-is-layout-flex\">\n<div class=\"wp-block-column is-layout-flow wp-block-column-is-layout-flow\">\n<p>Version Ebook<\/p>\n\n\n\n<div class=\"wp-block-buttons is-layout-flex wp-block-buttons-is-layout-flex\">\n<div class=\"wp-block-button\"><a class=\"wp-block-button__link has-custom-couleur-1-background-color has-background wp-element-button\" href=\"https:\/\/hea-editions.com\/product\/\" target=\"_blank\" rel=\"noreferrer noopener\">HEA<\/a><\/div>\n<\/div>\n<\/div>\n\n\n\n<div class=\"wp-block-column is-layout-flow wp-block-column-is-layout-flow\">\n<p>Version Kindle<\/p>\n\n\n\n<div class=\"wp-block-buttons is-layout-flex wp-block-buttons-is-layout-flex\">\n<div class=\"wp-block-button\"><a class=\"wp-block-button__link has-custom-couleur-1-background-color has-background wp-element-button\" href=\"https:\/\/www.amazon.fr\/Lovers-Challenge-Cara-Ez\/dp\/2494707234\/ref=sr_1_1?__mk_fr_FR=\u00c5M\u00c5\u017d\u00d5\u00d1&amp;crid=A3TJ0TL7TTUF&amp;dib=eyJ2IjoiMSJ9.NBhMsqMlvWFqSOZLXniWhoJK2TfRGbh0JhDqRl9mc6g.qL7cSHwUtmIlGH25A3tEm14J8p8KaBz9fpPDvhuCESQ&amp;dib_tag=se&amp;keywords=cara+ez&amp;qid=1725201356&amp;s=books&amp;sprefix=cara+ez%2Cstripbooks%2C116&amp;sr=1-1\" target=\"_blank\" rel=\"noreferrer noopener\">Amazon<\/a><\/div>\n<\/div>\n<\/div>\n<\/div>\n\n\n\n<p>Laissez votre avis<\/p>\n\n\n\n<div class=\"wp-block-buttons is-layout-flex wp-block-buttons-is-layout-flex\">\n<div class=\"wp-block-button\"><a class=\"wp-block-button__link wp-element-button\" href=\"https:\/\/www.babelio.com\/livres\/Cara-Lovers-Challenge\/1690442\" target=\"_blank\" rel=\"noreferrer noopener\">Babelio<\/a><\/div>\n\n\n\n<div class=\"wp-block-button\"><a class=\"wp-block-button__link wp-element-button\">Booknode<\/a><\/div>\n<\/div>\n\n\n\n<p><\/p>\n","protected":false},"excerpt":{"rendered":"<p>Lovers Challenge TOUT LES OPPOSE ET POURTANT\u2026 POUR GAGNER, ILS VONT DEVOIR JOUER LES FAUX COUPLES ! L\u00e9na veut avoir un enfant. Seule. Enzo r\u00eave de c\u00e9l\u00e9brit\u00e9 et de voyages. La cl\u00e9 de ces deux plans de vie diam\u00e9tralement oppos\u00e9s pourrait bien \u00eatre la somme de 100 000\u20ac que propose de remporter cette \u00e9mission de [&hellip;]<\/p>\n","protected":false},"author":1,"featured_media":29,"parent":0,"menu_order":0,"comment_status":"closed","ping_status":"closed","template":"","meta":{"_themeisle_gutenberg_block_has_review":false,"footnotes":""},"class_list":["post-73","page","type-page","status-publish","has-post-thumbnail","hentry"],"yoast_head":"<!-- This site is optimized with the Yoast SEO plugin v23.4 - https:\/\/yoast.com\/wordpress\/plugins\/seo\/ -->\n<title>Mes livres old - Cara Ez<\/title>\n<meta name=\"robots\" content=\"index, follow, max-snippet:-1, max-image-preview:large, max-video-preview:-1\" \/>\n<link rel=\"canonical\" href=\"https:\/\/www.cara-ez.fr\/index.php\/mes-livres-old\/\" \/>\n<meta property=\"og:locale\" content=\"fr_FR\" \/>\n<meta property=\"og:type\" content=\"article\" \/>\n<meta property=\"og:title\" content=\"Mes livres old - Cara Ez\" \/>\n<meta property=\"og:description\" content=\"Lovers Challenge TOUT LES OPPOSE ET POURTANT\u2026 POUR GAGNER, ILS VONT DEVOIR JOUER LES FAUX COUPLES ! L\u00e9na veut avoir un enfant. Seule. Enzo r\u00eave de c\u00e9l\u00e9brit\u00e9 et de voyages. La cl\u00e9 de ces deux plans de vie diam\u00e9tralement oppos\u00e9s pourrait bien \u00eatre la somme de 100 000\u20ac que propose de remporter cette \u00e9mission de [&hellip;]\" \/>\n<meta property=\"og:url\" content=\"https:\/\/www.cara-ez.fr\/index.php\/mes-livres-old\/\" \/>\n<meta property=\"og:site_name\" content=\"Cara Ez\" \/>\n<meta property=\"article:modified_time\" content=\"2024-09-01T20:14:16+00:00\" \/>\n<meta property=\"og:image\" content=\"https:\/\/www.cara-ez.fr\/wp-content\/uploads\/2024\/08\/Couverture-Ebook-e1722507310646.jpg\" \/>\n\t<meta property=\"og:image:width\" content=\"300\" \/>\n\t<meta property=\"og:image:height\" content=\"450\" \/>\n\t<meta property=\"og:image:type\" content=\"image\/jpeg\" \/>\n<meta name=\"twitter:card\" content=\"summary_large_image\" \/>\n<meta name=\"twitter:label1\" content=\"Dur\u00e9e de lecture estim\u00e9e\" \/>\n\t<meta name=\"twitter:data1\" content=\"1 minute\" \/>\n<script type=\"application\/ld+json\" class=\"yoast-schema-graph\">{\"@context\":\"https:\/\/schema.org\",\"@graph\":[{\"@type\":\"WebPage\",\"@id\":\"https:\/\/www.cara-ez.fr\/index.php\/mes-livres-old\/\",\"url\":\"https:\/\/www.cara-ez.fr\/index.php\/mes-livres-old\/\",\"name\":\"Mes livres old - Cara Ez\",\"isPartOf\":{\"@id\":\"https:\/\/www.cara-ez.fr\/#website\"},\"primaryImageOfPage\":{\"@id\":\"https:\/\/www.cara-ez.fr\/index.php\/mes-livres-old\/#primaryimage\"},\"image\":{\"@id\":\"https:\/\/www.cara-ez.fr\/index.php\/mes-livres-old\/#primaryimage\"},\"thumbnailUrl\":\"https:\/\/www.cara-ez.fr\/wp-content\/uploads\/2024\/08\/Couverture-Ebook-e1722507310646.jpg\",\"datePublished\":\"2024-09-01T14:37:02+00:00\",\"dateModified\":\"2024-09-01T20:14:16+00:00\",\"breadcrumb\":{\"@id\":\"https:\/\/www.cara-ez.fr\/index.php\/mes-livres-old\/#breadcrumb\"},\"inLanguage\":\"fr-FR\",\"potentialAction\":[{\"@type\":\"ReadAction\",\"target\":[\"https:\/\/www.cara-ez.fr\/index.php\/mes-livres-old\/\"]}]},{\"@type\":\"ImageObject\",\"inLanguage\":\"fr-FR\",\"@id\":\"https:\/\/www.cara-ez.fr\/index.php\/mes-livres-old\/#primaryimage\",\"url\":\"https:\/\/www.cara-ez.fr\/wp-content\/uploads\/2024\/08\/Couverture-Ebook-e1722507310646.jpg\",\"contentUrl\":\"https:\/\/www.cara-ez.fr\/wp-content\/uploads\/2024\/08\/Couverture-Ebook-e1722507310646.jpg\",\"width\":300,\"height\":450},{\"@type\":\"BreadcrumbList\",\"@id\":\"https:\/\/www.cara-ez.fr\/index.php\/mes-livres-old\/#breadcrumb\",\"itemListElement\":[{\"@type\":\"ListItem\",\"position\":1,\"name\":\"Accueil\",\"item\":\"https:\/\/www.cara-ez.fr\/\"},{\"@type\":\"ListItem\",\"position\":2,\"name\":\"Mes livres old\"}]},{\"@type\":\"WebSite\",\"@id\":\"https:\/\/www.cara-ez.fr\/#website\",\"url\":\"https:\/\/www.cara-ez.fr\/\",\"name\":\"Cara Ez\",\"description\":\"Autrice de romance\",\"potentialAction\":[{\"@type\":\"SearchAction\",\"target\":{\"@type\":\"EntryPoint\",\"urlTemplate\":\"https:\/\/www.cara-ez.fr\/?s={search_term_string}\"},\"query-input\":{\"@type\":\"PropertyValueSpecification\",\"valueRequired\":true,\"valueName\":\"search_term_string\"}}],\"inLanguage\":\"fr-FR\"}]}<\/script>\n<!-- \/ Yoast SEO plugin. -->","yoast_head_json":{"title":"Mes livres old - Cara Ez","robots":{"index":"index","follow":"follow","max-snippet":"max-snippet:-1","max-image-preview":"max-image-preview:large","max-video-preview":"max-video-preview:-1"},"canonical":"https:\/\/www.cara-ez.fr\/index.php\/mes-livres-old\/","og_locale":"fr_FR","og_type":"article","og_title":"Mes livres old - Cara Ez","og_description":"Lovers Challenge TOUT LES OPPOSE ET POURTANT\u2026 POUR GAGNER, ILS VONT DEVOIR JOUER LES FAUX COUPLES ! L\u00e9na veut avoir un enfant. Seule. Enzo r\u00eave de c\u00e9l\u00e9brit\u00e9 et de voyages. La cl\u00e9 de ces deux plans de vie diam\u00e9tralement oppos\u00e9s pourrait bien \u00eatre la somme de 100 000\u20ac que propose de remporter cette \u00e9mission de [&hellip;]","og_url":"https:\/\/www.cara-ez.fr\/index.php\/mes-livres-old\/","og_site_name":"Cara Ez","article_modified_time":"2024-09-01T20:14:16+00:00","og_image":[{"width":300,"height":450,"url":"https:\/\/www.cara-ez.fr\/wp-content\/uploads\/2024\/08\/Couverture-Ebook-e1722507310646.jpg","type":"image\/jpeg"}],"twitter_card":"summary_large_image","twitter_misc":{"Dur\u00e9e de lecture estim\u00e9e":"1 minute"},"schema":{"@context":"https:\/\/schema.org","@graph":[{"@type":"WebPage","@id":"https:\/\/www.cara-ez.fr\/index.php\/mes-livres-old\/","url":"https:\/\/www.cara-ez.fr\/index.php\/mes-livres-old\/","name":"Mes livres old - Cara Ez","isPartOf":{"@id":"https:\/\/www.cara-ez.fr\/#website"},"primaryImageOfPage":{"@id":"https:\/\/www.cara-ez.fr\/index.php\/mes-livres-old\/#primaryimage"},"image":{"@id":"https:\/\/www.cara-ez.fr\/index.php\/mes-livres-old\/#primaryimage"},"thumbnailUrl":"https:\/\/www.cara-ez.fr\/wp-content\/uploads\/2024\/08\/Couverture-Ebook-e1722507310646.jpg","datePublished":"2024-09-01T14:37:02+00:00","dateModified":"2024-09-01T20:14:16+00:00","breadcrumb":{"@id":"https:\/\/www.cara-ez.fr\/index.php\/mes-livres-old\/#breadcrumb"},"inLanguage":"fr-FR","potentialAction":[{"@type":"ReadAction","target":["https:\/\/www.cara-ez.fr\/index.php\/mes-livres-old\/"]}]},{"@type":"ImageObject","inLanguage":"fr-FR","@id":"https:\/\/www.cara-ez.fr\/index.php\/mes-livres-old\/#primaryimage","url":"https:\/\/www.cara-ez.fr\/wp-content\/uploads\/2024\/08\/Couverture-Ebook-e1722507310646.jpg","contentUrl":"https:\/\/www.cara-ez.fr\/wp-content\/uploads\/2024\/08\/Couverture-Ebook-e1722507310646.jpg","width":300,"height":450},{"@type":"BreadcrumbList","@id":"https:\/\/www.cara-ez.fr\/index.php\/mes-livres-old\/#breadcrumb","itemListElement":[{"@type":"ListItem","position":1,"name":"Accueil","item":"https:\/\/www.cara-ez.fr\/"},{"@type":"ListItem","position":2,"name":"Mes livres old"}]},{"@type":"WebSite","@id":"https:\/\/www.cara-ez.fr\/#website","url":"https:\/\/www.cara-ez.fr\/","name":"Cara Ez","description":"Autrice de romance","potentialAction":[{"@type":"SearchAction","target":{"@type":"EntryPoint","urlTemplate":"https:\/\/www.cara-ez.fr\/?s={search_term_string}"},"query-input":{"@type":"PropertyValueSpecification","valueRequired":true,"valueName":"search_term_string"}}],"inLanguage":"fr-FR"}]}},"_links":{"self":[{"href":"https:\/\/www.cara-ez.fr\/index.php\/wp-json\/wp\/v2\/pages\/73","targetHints":{"allow":["GET"]}}],"collection":[{"href":"https:\/\/www.cara-ez.fr\/index.php\/wp-json\/wp\/v2\/pages"}],"about":[{"href":"https:\/\/www.cara-ez.fr\/index.php\/wp-json\/wp\/v2\/types\/page"}],"author":[{"embeddable":true,"href":"https:\/\/www.cara-ez.fr\/index.php\/wp-json\/wp\/v2\/users\/1"}],"replies":[{"embeddable":true,"href":"https:\/\/www.cara-ez.fr\/index.php\/wp-json\/wp\/v2\/comments?post=73"}],"version-history":[{"count":4,"href":"https:\/\/www.cara-ez.fr\/index.php\/wp-json\/wp\/v2\/pages\/73\/revisions"}],"predecessor-version":[{"id":105,"href":"https:\/\/www.cara-ez.fr\/index.php\/wp-json\/wp\/v2\/pages\/73\/revisions\/105"}],"wp:featuredmedia":[{"embeddable":true,"href":"https:\/\/www.cara-ez.fr\/index.php\/wp-json\/wp\/v2\/media\/29"}],"wp:attachment":[{"href":"https:\/\/www.cara-ez.fr\/index.php\/wp-json\/wp\/v2\/media?parent=73"}],"curies":[{"name":"wp","href":"https:\/\/api.w.org\/{rel}","templated":true}]}}