{"id":48,"date":"2024-08-21T10:40:53","date_gmt":"2024-08-21T08:40:53","guid":{"rendered":"https:\/\/www.cara-ez.fr\/?page_id=48"},"modified":"2024-09-01T22:14:01","modified_gmt":"2024-09-01T20:14:01","slug":"salon-et-dedicaces-old","status":"publish","type":"page","link":"https:\/\/www.cara-ez.fr\/index.php\/salon-et-dedicaces-old\/","title":{"rendered":"Salon et d\u00e9dicaces old"},"content":{"rendered":"\n<div class=\"wp-block-group has-raft-fg-alt-color has-custom-color-1-background-color has-text-color has-background has-link-color wp-elements-02876b4397cd6d7b90b11da283ee0c01 is-vertical is-layout-flex wp-container-core-group-is-layout-fe9cc265 wp-block-group-is-layout-flex\">\n<p>23 et 24 novembre 2024<\/p>\n\n\n\n<p>Salon du livre de Wallonie, \u00e0 Mons, Belgique<\/p>\n<\/div>\n\n\n\n<div class=\"wp-block-group has-raft-fg-alt-color has-custom-couleur-1-background-color has-text-color has-background has-link-color wp-elements-16145c4591f3dbd8f24f15e686e79ce3 is-vertical is-layout-flex wp-container-core-group-is-layout-fe9cc265 wp-block-group-is-layout-flex\">\n<p>7 d\u00e9cembre 2024 &#8211; 10H\/18H<\/p>\n\n\n\n<p>Cultura de Montevrain (77)<\/p>\n<\/div>\n\n\n\n<div class=\"wp-block-group has-raft-fg-alt-color has-custom-color-2-background-color has-text-color has-background has-link-color wp-elements-2808d3af12ef30d3133eacc4119379a4 is-vertical is-layout-flex wp-container-core-group-is-layout-fe9cc265 wp-block-group-is-layout-flex\">\n<p>21 d\u00e9cembre 2024 &#8211; 14H\/18H<\/p>\n\n\n\n<p>Cultura de Belle Epine (94)<\/p>\n<\/div>\n","protected":false},"excerpt":{"rendered":"<p>23 et 24 novembre 2024 Salon du livre de Wallonie, \u00e0 Mons, Belgique 7 d\u00e9cembre 2024 &#8211; 10H\/18H Cultura de Montevrain (77) 21 d\u00e9cembre 2024 &#8211; 14H\/18H Cultura de Belle Epine (94)<\/p>\n","protected":false},"author":1,"featured_media":0,"parent":0,"menu_order":0,"comment_status":"closed","ping_status":"closed","template":"","meta":{"_themeisle_gutenberg_block_has_review":false,"footnotes":""},"class_list":["post-48","page","type-page","status-publish","hentry"],"yoast_head":"<!-- This site is optimized with the Yoast SEO plugin v23.4 - https:\/\/yoast.com\/wordpress\/plugins\/seo\/ -->\n<title>Salon et d\u00e9dicaces old - Cara Ez<\/title>\n<meta name=\"robots\" content=\"index, follow, max-snippet:-1, max-image-preview:large, max-video-preview:-1\" \/>\n<link rel=\"canonical\" href=\"https:\/\/www.cara-ez.fr\/index.php\/salon-et-dedicaces-old\/\" \/>\n<meta property=\"og:locale\" content=\"fr_FR\" \/>\n<meta property=\"og:type\" content=\"article\" \/>\n<meta property=\"og:title\" content=\"Salon et d\u00e9dicaces old - Cara Ez\" \/>\n<meta property=\"og:description\" content=\"23 et 24 novembre 2024 Salon du livre de Wallonie, \u00e0 Mons, Belgique 7 d\u00e9cembre 2024 &#8211; 10H\/18H Cultura de Montevrain (77) 21 d\u00e9cembre 2024 &#8211; 14H\/18H Cultura de Belle Epine (94)\" \/>\n<meta property=\"og:url\" content=\"https:\/\/www.cara-ez.fr\/index.php\/salon-et-dedicaces-old\/\" \/>\n<meta property=\"og:site_name\" content=\"Cara Ez\" \/>\n<meta property=\"article:modified_time\" content=\"2024-09-01T20:14:01+00:00\" \/>\n<meta name=\"twitter:card\" content=\"summary_large_image\" \/>\n<script type=\"application\/ld+json\" class=\"yoast-schema-graph\">{\"@context\":\"https:\/\/schema.org\",\"@graph\":[{\"@type\":\"WebPage\",\"@id\":\"https:\/\/www.cara-ez.fr\/index.php\/salon-et-dedicaces-old\/\",\"url\":\"https:\/\/www.cara-ez.fr\/index.php\/salon-et-dedicaces-old\/\",\"name\":\"Salon et d\u00e9dicaces old - Cara Ez\",\"isPartOf\":{\"@id\":\"https:\/\/www.cara-ez.fr\/#website\"},\"datePublished\":\"2024-08-21T08:40:53+00:00\",\"dateModified\":\"2024-09-01T20:14:01+00:00\",\"breadcrumb\":{\"@id\":\"https:\/\/www.cara-ez.fr\/index.php\/salon-et-dedicaces-old\/#breadcrumb\"},\"inLanguage\":\"fr-FR\",\"potentialAction\":[{\"@type\":\"ReadAction\",\"target\":[\"https:\/\/www.cara-ez.fr\/index.php\/salon-et-dedicaces-old\/\"]}]},{\"@type\":\"BreadcrumbList\",\"@id\":\"https:\/\/www.cara-ez.fr\/index.php\/salon-et-dedicaces-old\/#breadcrumb\",\"itemListElement\":[{\"@type\":\"ListItem\",\"position\":1,\"name\":\"Accueil\",\"item\":\"https:\/\/www.cara-ez.fr\/\"},{\"@type\":\"ListItem\",\"position\":2,\"name\":\"Salon et d\u00e9dicaces old\"}]},{\"@type\":\"WebSite\",\"@id\":\"https:\/\/www.cara-ez.fr\/#website\",\"url\":\"https:\/\/www.cara-ez.fr\/\",\"name\":\"Cara Ez\",\"description\":\"Autrice de romance\",\"potentialAction\":[{\"@type\":\"SearchAction\",\"target\":{\"@type\":\"EntryPoint\",\"urlTemplate\":\"https:\/\/www.cara-ez.fr\/?s={search_term_string}\"},\"query-input\":{\"@type\":\"PropertyValueSpecification\",\"valueRequired\":true,\"valueName\":\"search_term_string\"}}],\"inLanguage\":\"fr-FR\"}]}<\/script>\n<!-- \/ Yoast SEO plugin. -->","yoast_head_json":{"title":"Salon et d\u00e9dicaces old - Cara Ez","robots":{"index":"index","follow":"follow","max-snippet":"max-snippet:-1","max-image-preview":"max-image-preview:large","max-video-preview":"max-video-preview:-1"},"canonical":"https:\/\/www.cara-ez.fr\/index.php\/salon-et-dedicaces-old\/","og_locale":"fr_FR","og_type":"article","og_title":"Salon et d\u00e9dicaces old - Cara Ez","og_description":"23 et 24 novembre 2024 Salon du livre de Wallonie, \u00e0 Mons, Belgique 7 d\u00e9cembre 2024 &#8211; 10H\/18H Cultura de Montevrain (77) 21 d\u00e9cembre 2024 &#8211; 14H\/18H Cultura de Belle Epine (94)","og_url":"https:\/\/www.cara-ez.fr\/index.php\/salon-et-dedicaces-old\/","og_site_name":"Cara Ez","article_modified_time":"2024-09-01T20:14:01+00:00","twitter_card":"summary_large_image","schema":{"@context":"https:\/\/schema.org","@graph":[{"@type":"WebPage","@id":"https:\/\/www.cara-ez.fr\/index.php\/salon-et-dedicaces-old\/","url":"https:\/\/www.cara-ez.fr\/index.php\/salon-et-dedicaces-old\/","name":"Salon et d\u00e9dicaces old - Cara Ez","isPartOf":{"@id":"https:\/\/www.cara-ez.fr\/#website"},"datePublished":"2024-08-21T08:40:53+00:00","dateModified":"2024-09-01T20:14:01+00:00","breadcrumb":{"@id":"https:\/\/www.cara-ez.fr\/index.php\/salon-et-dedicaces-old\/#breadcrumb"},"inLanguage":"fr-FR","potentialAction":[{"@type":"ReadAction","target":["https:\/\/www.cara-ez.fr\/index.php\/salon-et-dedicaces-old\/"]}]},{"@type":"BreadcrumbList","@id":"https:\/\/www.cara-ez.fr\/index.php\/salon-et-dedicaces-old\/#breadcrumb","itemListElement":[{"@type":"ListItem","position":1,"name":"Accueil","item":"https:\/\/www.cara-ez.fr\/"},{"@type":"ListItem","position":2,"name":"Salon et d\u00e9dicaces old"}]},{"@type":"WebSite","@id":"https:\/\/www.cara-ez.fr\/#website","url":"https:\/\/www.cara-ez.fr\/","name":"Cara Ez","description":"Autrice de romance","potentialAction":[{"@type":"SearchAction","target":{"@type":"EntryPoint","urlTemplate":"https:\/\/www.cara-ez.fr\/?s={search_term_string}"},"query-input":{"@type":"PropertyValueSpecification","valueRequired":true,"valueName":"search_term_string"}}],"inLanguage":"fr-FR"}]}},"_links":{"self":[{"href":"https:\/\/www.cara-ez.fr\/index.php\/wp-json\/wp\/v2\/pages\/48","targetHints":{"allow":["GET"]}}],"collection":[{"href":"https:\/\/www.cara-ez.fr\/index.php\/wp-json\/wp\/v2\/pages"}],"about":[{"href":"https:\/\/www.cara-ez.fr\/index.php\/wp-json\/wp\/v2\/types\/page"}],"author":[{"embeddable":true,"href":"https:\/\/www.cara-ez.fr\/index.php\/wp-json\/wp\/v2\/users\/1"}],"replies":[{"embeddable":true,"href":"https:\/\/www.cara-ez.fr\/index.php\/wp-json\/wp\/v2\/comments?post=48"}],"version-history":[{"count":3,"href":"https:\/\/www.cara-ez.fr\/index.php\/wp-json\/wp\/v2\/pages\/48\/revisions"}],"predecessor-version":[{"id":104,"href":"https:\/\/www.cara-ez.fr\/index.php\/wp-json\/wp\/v2\/pages\/48\/revisions\/104"}],"wp:attachment":[{"href":"https:\/\/www.cara-ez.fr\/index.php\/wp-json\/wp\/v2\/media?parent=48"}],"curies":[{"name":"wp","href":"https:\/\/api.w.org\/{rel}","templated":true}]}}